{"id":32418,"date":"2022-03-14T16:04:35","date_gmt":"2022-03-14T16:04:35","guid":{"rendered":"https:\/\/www.folegandrosisland.com\/?page_id=32418"},"modified":"2022-04-17T04:41:55","modified_gmt":"2022-04-17T04:41:55","slug":"home-spa","status":"publish","type":"page","link":"https:\/\/www.naxosvacanze.net\/ca\/home-spa\/","title":{"rendered":"Home SPA"},"content":{"rendered":"<div data-elementor-type=\"wp-post\" data-elementor-id=\"32418\" class=\"elementor elementor-32418\" data-elementor-post-type=\"page\">\n\t\t\t\t\t\t\t\t\t<section class=\"elementor-section elementor-top-section elementor-element elementor-element-a45ed07 elementor-section-full_width elementor-section-height-default elementor-section-height-default\" data-id=\"a45ed07\" data-element_type=\"section\" data-settings=\"{&quot;jet_parallax_layout_list&quot;:[{&quot;jet_parallax_layout_image&quot;:{&quot;url&quot;:&quot;&quot;,&quot;id&quot;:&quot;&quot;,&quot;size&quot;:&quot;&quot;},&quot;_id&quot;:&quot;1c1ddb2&quot;,&quot;jet_parallax_layout_speed&quot;:{&quot;unit&quot;:&quot;%&quot;,&quot;size&quot;:&quot;50&quot;,&quot;sizes&quot;:[]},&quot;jet_parallax_layout_bg_x&quot;:&quot;50&quot;,&quot;jet_parallax_layout_bg_y&quot;:&quot;50&quot;,&quot;jet_parallax_layout_image_tablet&quot;:{&quot;url&quot;:&quot;&quot;,&quot;id&quot;:&quot;&quot;,&quot;size&quot;:&quot;&quot;},&quot;jet_parallax_layout_image_mobile&quot;:{&quot;url&quot;:&quot;&quot;,&quot;id&quot;:&quot;&quot;,&quot;size&quot;:&quot;&quot;},&quot;jet_parallax_layout_type&quot;:&quot;scroll&quot;,&quot;jet_parallax_layout_direction&quot;:null,&quot;jet_parallax_layout_fx_direction&quot;:null,&quot;jet_parallax_layout_z_index&quot;:&quot;&quot;,&quot;jet_parallax_layout_bg_x_tablet&quot;:&quot;&quot;,&quot;jet_parallax_layout_bg_x_mobile&quot;:&quot;&quot;,&quot;jet_parallax_layout_bg_y_tablet&quot;:&quot;&quot;,&quot;jet_parallax_layout_bg_y_mobile&quot;:&quot;&quot;,&quot;jet_parallax_layout_bg_size&quot;:&quot;auto&quot;,&quot;jet_parallax_layout_bg_size_tablet&quot;:&quot;&quot;,&quot;jet_parallax_layout_bg_size_mobile&quot;:&quot;&quot;,&quot;jet_parallax_layout_animation_prop&quot;:&quot;transform&quot;,&quot;jet_parallax_layout_on&quot;:[&quot;desktop&quot;,&quot;tablet&quot;]}]}\">\n\t\t\t\t\t\t<div class=\"elementor-container elementor-column-gap-no\">\n\t\t\t\t\t<div class=\"elementor-column elementor-col-100 elementor-top-column elementor-element elementor-element-b1bd125\" data-id=\"b1bd125\" data-element_type=\"column\">\n\t\t\t<div class=\"elementor-widget-wrap\">\n\t\t\t\t\t\t\t\t\t<\/div>\n\t\t<\/div>\n\t\t\t\t\t\t\t<\/div>\n\t\t<\/section>\n\t\t\t\t<section class=\"elementor-section elementor-top-section elementor-element elementor-element-642644f elementor-section-full_width elementor-section-height-full elementor-section-height-default elementor-section-items-middle\" data-id=\"642644f\" data-element_type=\"section\" data-settings=\"{&quot;jet_parallax_layout_list&quot;:[],&quot;background_background&quot;:&quot;classic&quot;}\">\n\t\t\t\t\t\t\t<div class=\"elementor-background-overlay\"><\/div>\n\t\t\t\t\t\t\t<div class=\"elementor-container elementor-column-gap-default\">\n\t\t\t\t\t<div class=\"elementor-column elementor-col-100 elementor-top-column elementor-element elementor-element-85783d9\" data-id=\"85783d9\" data-element_type=\"column\">\n\t\t\t<div class=\"elementor-widget-wrap elementor-element-populated\">\n\t\t\t\t\t\t\t\t<div class=\"elementor-element elementor-element-6c833f4 elementor-widget elementor-widget-image\" data-id=\"6c833f4\" data-element_type=\"widget\" data-widget_type=\"image.default\">\n\t\t\t\t<div class=\"elementor-widget-container\">\n\t\t\t\t\t\t\t\t\t\t\t\t\t\t\t\t<a href=\"https:\/\/www.folegandrosisland.com\/en\/home-en\/\">\n\t\t\t\t\t\t\t<img fetchpriority=\"high\" decoding=\"async\" width=\"1024\" height=\"220\" src=\"https:\/\/www.naxosvacanze.net\/wp-content\/uploads\/2020\/12\/SOTTOVENTO-logo-t-shirt-copia-1024x220.png\" class=\"attachment-large size-large wp-image-692\" alt=\"\" srcset=\"https:\/\/www.naxosvacanze.net\/wp-content\/uploads\/2020\/12\/SOTTOVENTO-logo-t-shirt-copia-1024x220.png 1024w, https:\/\/www.naxosvacanze.net\/wp-content\/uploads\/2020\/12\/SOTTOVENTO-logo-t-shirt-copia-300x65.png 300w, https:\/\/www.naxosvacanze.net\/wp-content\/uploads\/2020\/12\/SOTTOVENTO-logo-t-shirt-copia-768x165.png 768w, https:\/\/www.naxosvacanze.net\/wp-content\/uploads\/2020\/12\/SOTTOVENTO-logo-t-shirt-copia-1536x330.png 1536w, https:\/\/www.naxosvacanze.net\/wp-content\/uploads\/2020\/12\/SOTTOVENTO-logo-t-shirt-copia.png 2048w\" sizes=\"(max-width: 1024px) 100vw, 1024px\" \/>\t\t\t\t\t\t\t\t<\/a>\n\t\t\t\t\t\t\t\t\t\t\t\t\t\t\t<\/div>\n\t\t\t\t<\/div>\n\t\t\t\t<div class=\"elementor-element elementor-element-5548dcf elementor-invisible elementor-widget elementor-widget-heading\" data-id=\"5548dcf\" data-element_type=\"widget\" data-settings=\"{&quot;_animation&quot;:&quot;fadeIn&quot;}\" data-widget_type=\"heading.default\">\n\t\t\t\t<div class=\"elementor-widget-container\">\n\t\t\t<h3 class=\"elementor-heading-title elementor-size-default\">EN FASE DE TRADUCCI\u00d3N<\/h3>\t\t<\/div>\n\t\t\t\t<\/div>\n\t\t\t\t<div class=\"elementor-element elementor-element-2acb756 elementor-widget elementor-widget-text-editor\" data-id=\"2acb756\" data-element_type=\"widget\" data-widget_type=\"text-editor.default\">\n\t\t\t\t<div class=\"elementor-widget-container\">\n\t\t\t\t\t\t\t<p>\u00a1Estamos traduciendo nuestro sitio al espa\u00f1ol! Estar\u00e1 en l\u00ednea a finales de April 2022.<\/p><p>Mientras tanto, visite el sitio en uno de los siguientes idiomas<\/p>\t\t\t\t\t\t<\/div>\n\t\t\t\t<\/div>\n\t\t\t\t<section class=\"elementor-section elementor-inner-section elementor-element elementor-element-9c4c492 elementor-section-boxed elementor-section-height-default elementor-section-height-default\" data-id=\"9c4c492\" data-element_type=\"section\" data-settings=\"{&quot;jet_parallax_layout_list&quot;:[]}\">\n\t\t\t\t\t\t<div class=\"elementor-container elementor-column-gap-default\">\n\t\t\t\t\t<div class=\"elementor-column elementor-col-33 elementor-inner-column elementor-element elementor-element-79ed053\" data-id=\"79ed053\" data-element_type=\"column\">\n\t\t\t<div class=\"elementor-widget-wrap elementor-element-populated\">\n\t\t\t\t\t\t\t\t<div class=\"elementor-element elementor-element-e47ac15 elementor-widget elementor-widget-image\" data-id=\"e47ac15\" data-element_type=\"widget\" data-widget_type=\"image.default\">\n\t\t\t\t<div class=\"elementor-widget-container\">\n\t\t\t\t\t\t\t\t\t\t\t\t\t\t\t\t<a href=\"https:\/\/www.folegandrosisland.com\">\n\t\t\t\t\t\t\t<img decoding=\"async\" width=\"255\" height=\"170\" src=\"https:\/\/www.naxosvacanze.net\/wp-content\/uploads\/2022\/03\/255px-Flag_of_Italy.svg.png\" class=\"attachment-large size-large wp-image-32428\" alt=\"\" \/>\t\t\t\t\t\t\t\t<\/a>\n\t\t\t\t\t\t\t\t\t\t\t\t\t\t\t<\/div>\n\t\t\t\t<\/div>\n\t\t\t\t\t<\/div>\n\t\t<\/div>\n\t\t\t\t<div class=\"elementor-column elementor-col-33 elementor-inner-column elementor-element elementor-element-e7cf931\" data-id=\"e7cf931\" data-element_type=\"column\">\n\t\t\t<div class=\"elementor-widget-wrap elementor-element-populated\">\n\t\t\t\t\t\t\t\t<div class=\"elementor-element elementor-element-8553ce3 elementor-widget elementor-widget-image\" data-id=\"8553ce3\" data-element_type=\"widget\" data-widget_type=\"image.default\">\n\t\t\t\t<div class=\"elementor-widget-container\">\n\t\t\t\t\t\t\t\t\t\t\t\t\t\t\t\t<a href=\"https:\/\/www.folegandrosisland.com\/en\/home-en\/\">\n\t\t\t\t\t\t\t<img decoding=\"async\" width=\"1024\" height=\"614\" src=\"https:\/\/www.naxosvacanze.net\/wp-content\/uploads\/2022\/03\/Flag_of_Great_Britain_1707\u20131800.svg-1024x614.png\" class=\"attachment-large size-large wp-image-32430\" alt=\"\" srcset=\"https:\/\/www.naxosvacanze.net\/wp-content\/uploads\/2022\/03\/Flag_of_Great_Britain_1707\u20131800.svg-1024x614.png 1024w, https:\/\/www.naxosvacanze.net\/wp-content\/uploads\/2022\/03\/Flag_of_Great_Britain_1707\u20131800.svg-300x180.png 300w, https:\/\/www.naxosvacanze.net\/wp-content\/uploads\/2022\/03\/Flag_of_Great_Britain_1707\u20131800.svg-768x461.png 768w, https:\/\/www.naxosvacanze.net\/wp-content\/uploads\/2022\/03\/Flag_of_Great_Britain_1707\u20131800.svg-1536x922.png 1536w, https:\/\/www.naxosvacanze.net\/wp-content\/uploads\/2022\/03\/Flag_of_Great_Britain_1707\u20131800.svg.png 2048w\" sizes=\"(max-width: 1024px) 100vw, 1024px\" \/>\t\t\t\t\t\t\t\t<\/a>\n\t\t\t\t\t\t\t\t\t\t\t\t\t\t\t<\/div>\n\t\t\t\t<\/div>\n\t\t\t\t\t<\/div>\n\t\t<\/div>\n\t\t\t\t<div class=\"elementor-column elementor-col-33 elementor-inner-column elementor-element elementor-element-29d9ae7\" data-id=\"29d9ae7\" data-element_type=\"column\">\n\t\t\t<div class=\"elementor-widget-wrap elementor-element-populated\">\n\t\t\t\t\t\t\t\t<div class=\"elementor-element elementor-element-4d004b9 elementor-widget elementor-widget-image\" data-id=\"4d004b9\" data-element_type=\"widget\" data-widget_type=\"image.default\">\n\t\t\t\t<div class=\"elementor-widget-container\">\n\t\t\t\t\t\t\t\t\t\t\t\t\t\t\t\t<a href=\"https:\/\/www.folegandrosisland.com\/fr\/home-fr\/\">\n\t\t\t\t\t\t\t<img loading=\"lazy\" decoding=\"async\" width=\"1024\" height=\"683\" src=\"https:\/\/www.naxosvacanze.net\/wp-content\/uploads\/2022\/03\/Flag_of_France.svg-1024x683.png\" class=\"attachment-large size-large wp-image-32429\" alt=\"\" srcset=\"https:\/\/www.naxosvacanze.net\/wp-content\/uploads\/2022\/03\/Flag_of_France.svg-1024x683.png 1024w, https:\/\/www.naxosvacanze.net\/wp-content\/uploads\/2022\/03\/Flag_of_France.svg-300x200.png 300w, https:\/\/www.naxosvacanze.net\/wp-content\/uploads\/2022\/03\/Flag_of_France.svg-768x512.png 768w, https:\/\/www.naxosvacanze.net\/wp-content\/uploads\/2022\/03\/Flag_of_France.svg.png 1200w\" sizes=\"(max-width: 1024px) 100vw, 1024px\" \/>\t\t\t\t\t\t\t\t<\/a>\n\t\t\t\t\t\t\t\t\t\t\t\t\t\t\t<\/div>\n\t\t\t\t<\/div>\n\t\t\t\t\t<\/div>\n\t\t<\/div>\n\t\t\t\t\t\t\t<\/div>\n\t\t<\/section>\n\t\t\t\t\t<\/div>\n\t\t<\/div>\n\t\t\t\t\t\t\t<\/div>\n\t\t<\/section>\n\t\t\t\t\t\t\t<\/div>","protected":false},"excerpt":{"rendered":"<p>EN FASE DE TRADUCCI\u00d3N \u00a1Estamos traduciendo nuestro sitio al espa\u00f1ol! Estar\u00e1 en l\u00ednea a finales de April 2022. Mientras tanto, visite el sitio en uno de los siguientes idiomas<\/p>","protected":false},"author":1,"featured_media":0,"parent":0,"menu_order":0,"comment_status":"closed","ping_status":"closed","template":"elementor_header_footer","meta":{"footnotes":""},"acf":[],"yoast_head":"<!-- This site is optimized with the Yoast SEO plugin v21.8 - https:\/\/yoast.com\/wordpress\/plugins\/seo\/ -->\n<title>FOLEGANDROS e PICCOLE ISOLE - NAXOSVACANZE<\/title>\n<meta name=\"description\" content=\"FOLEGANDROS, tutto e di pi\u00f9 : case, ville, hotels, bar, ristoranti, spiagge, escursioni, pacchetti di viaggio personalizzati.\" \/>\n<meta name=\"robots\" content=\"index, follow, max-snippet:-1, max-image-preview:large, max-video-preview:-1\" \/>\n<link rel=\"canonical\" href=\"https:\/\/www.naxosvacanze.net\/ca\/home-spa\/\" \/>\n<meta property=\"og:locale\" content=\"ca_ES\" \/>\n<meta property=\"og:type\" content=\"article\" \/>\n<meta property=\"og:title\" content=\"FOLEGANDROS e PICCOLE ISOLE - NAXOSVACANZE\" \/>\n<meta property=\"og:description\" content=\"FOLEGANDROS, tutto e di pi\u00f9 : case, ville, hotels, bar, ristoranti, spiagge, escursioni, pacchetti di viaggio personalizzati.\" \/>\n<meta property=\"og:url\" content=\"https:\/\/www.naxosvacanze.net\/ca\/home-spa\/\" \/>\n<meta property=\"og:site_name\" content=\"NAXOSVACANZE\" \/>\n<meta property=\"article:modified_time\" content=\"2022-04-17T04:41:55+00:00\" \/>\n<meta property=\"og:image\" content=\"https:\/\/www.folegandrosisland.com\/wordpress\/wp-content\/uploads\/2020\/12\/SOTTOVENTO-logo-t-shirt-copia-1024x220.png\" \/>\n<meta name=\"twitter:card\" content=\"summary_large_image\" \/>\n<meta name=\"twitter:label1\" content=\"Temps estimat de lectura\" \/>\n\t<meta name=\"twitter:data1\" content=\"1 minut\" \/>\n<script type=\"application\/ld+json\" class=\"yoast-schema-graph\">{\"@context\":\"https:\/\/schema.org\",\"@graph\":[{\"@type\":\"WebPage\",\"@id\":\"https:\/\/www.naxosvacanze.net\/es\/home-spa\/\",\"url\":\"https:\/\/www.naxosvacanze.net\/es\/home-spa\/\",\"name\":\"FOLEGANDROS e PICCOLE ISOLE - NAXOSVACANZE\",\"isPartOf\":{\"@id\":\"https:\/\/www.naxosvacanze.net\/wordpress\/#website\"},\"datePublished\":\"2022-03-14T16:04:35+00:00\",\"dateModified\":\"2022-04-17T04:41:55+00:00\",\"description\":\"FOLEGANDROS, tutto e di pi\u00f9 : case, ville, hotels, bar, ristoranti, spiagge, escursioni, pacchetti di viaggio personalizzati.\",\"breadcrumb\":{\"@id\":\"https:\/\/www.naxosvacanze.net\/es\/home-spa\/#breadcrumb\"},\"inLanguage\":\"ca\",\"potentialAction\":[{\"@type\":\"ReadAction\",\"target\":[\"https:\/\/www.naxosvacanze.net\/es\/home-spa\/\"]}]},{\"@type\":\"BreadcrumbList\",\"@id\":\"https:\/\/www.naxosvacanze.net\/es\/home-spa\/#breadcrumb\",\"itemListElement\":[{\"@type\":\"ListItem\",\"position\":1,\"name\":\"Home\",\"item\":\"https:\/\/www.naxosvacanze.net\/\"},{\"@type\":\"ListItem\",\"position\":2,\"name\":\"Home SPA\"}]},{\"@type\":\"WebSite\",\"@id\":\"https:\/\/www.naxosvacanze.net\/wordpress\/#website\",\"url\":\"https:\/\/www.naxosvacanze.net\/wordpress\/\",\"name\":\"NAXOSVACANZE\",\"description\":\"Il meglio delle Isole Cicladi\",\"potentialAction\":[{\"@type\":\"SearchAction\",\"target\":{\"@type\":\"EntryPoint\",\"urlTemplate\":\"https:\/\/www.naxosvacanze.net\/wordpress\/?s={search_term_string}\"},\"query-input\":\"required name=search_term_string\"}],\"inLanguage\":\"ca\"}]}<\/script>\n<!-- \/ Yoast SEO plugin. -->","yoast_head_json":{"title":"FOLEGANDROS e PICCOLE ISOLE - NAXOSVACANZE","description":"FOLEGANDROS, tutto e di pi\u00f9 : case, ville, hotels, bar, ristoranti, spiagge, escursioni, pacchetti di viaggio personalizzati.","robots":{"index":"index","follow":"follow","max-snippet":"max-snippet:-1","max-image-preview":"max-image-preview:large","max-video-preview":"max-video-preview:-1"},"canonical":"https:\/\/www.naxosvacanze.net\/ca\/home-spa\/","og_locale":"ca_ES","og_type":"article","og_title":"FOLEGANDROS e PICCOLE ISOLE - NAXOSVACANZE","og_description":"FOLEGANDROS, tutto e di pi\u00f9 : case, ville, hotels, bar, ristoranti, spiagge, escursioni, pacchetti di viaggio personalizzati.","og_url":"https:\/\/www.naxosvacanze.net\/ca\/home-spa\/","og_site_name":"NAXOSVACANZE","article_modified_time":"2022-04-17T04:41:55+00:00","og_image":[{"url":"https:\/\/www.folegandrosisland.com\/wordpress\/wp-content\/uploads\/2020\/12\/SOTTOVENTO-logo-t-shirt-copia-1024x220.png"}],"twitter_card":"summary_large_image","twitter_misc":{"Temps estimat de lectura":"1 minut"},"schema":{"@context":"https:\/\/schema.org","@graph":[{"@type":"WebPage","@id":"https:\/\/www.naxosvacanze.net\/es\/home-spa\/","url":"https:\/\/www.naxosvacanze.net\/es\/home-spa\/","name":"FOLEGANDROS e PICCOLE ISOLE - NAXOSVACANZE","isPartOf":{"@id":"https:\/\/www.naxosvacanze.net\/wordpress\/#website"},"datePublished":"2022-03-14T16:04:35+00:00","dateModified":"2022-04-17T04:41:55+00:00","description":"FOLEGANDROS, tutto e di pi\u00f9 : case, ville, hotels, bar, ristoranti, spiagge, escursioni, pacchetti di viaggio personalizzati.","breadcrumb":{"@id":"https:\/\/www.naxosvacanze.net\/es\/home-spa\/#breadcrumb"},"inLanguage":"ca","potentialAction":[{"@type":"ReadAction","target":["https:\/\/www.naxosvacanze.net\/es\/home-spa\/"]}]},{"@type":"BreadcrumbList","@id":"https:\/\/www.naxosvacanze.net\/es\/home-spa\/#breadcrumb","itemListElement":[{"@type":"ListItem","position":1,"name":"Home","item":"https:\/\/www.naxosvacanze.net\/"},{"@type":"ListItem","position":2,"name":"Home SPA"}]},{"@type":"WebSite","@id":"https:\/\/www.naxosvacanze.net\/wordpress\/#website","url":"https:\/\/www.naxosvacanze.net\/wordpress\/","name":"NAXOSVACANZE","description":"Il meglio delle Isole Cicladi","potentialAction":[{"@type":"SearchAction","target":{"@type":"EntryPoint","urlTemplate":"https:\/\/www.naxosvacanze.net\/wordpress\/?s={search_term_string}"},"query-input":"required name=search_term_string"}],"inLanguage":"ca"}]}},"_links":{"self":[{"href":"https:\/\/www.naxosvacanze.net\/ca\/wp-json\/wp\/v2\/pages\/32418"}],"collection":[{"href":"https:\/\/www.naxosvacanze.net\/ca\/wp-json\/wp\/v2\/pages"}],"about":[{"href":"https:\/\/www.naxosvacanze.net\/ca\/wp-json\/wp\/v2\/types\/page"}],"author":[{"embeddable":true,"href":"https:\/\/www.naxosvacanze.net\/ca\/wp-json\/wp\/v2\/users\/1"}],"replies":[{"embeddable":true,"href":"https:\/\/www.naxosvacanze.net\/ca\/wp-json\/wp\/v2\/comments?post=32418"}],"version-history":[{"count":6,"href":"https:\/\/www.naxosvacanze.net\/ca\/wp-json\/wp\/v2\/pages\/32418\/revisions"}],"predecessor-version":[{"id":33809,"href":"https:\/\/www.naxosvacanze.net\/ca\/wp-json\/wp\/v2\/pages\/32418\/revisions\/33809"}],"wp:attachment":[{"href":"https:\/\/www.naxosvacanze.net\/ca\/wp-json\/wp\/v2\/media?parent=32418"}],"curies":[{"name":"wp","href":"https:\/\/api.w.org\/{rel}","templated":true}]}}