{"id":18706,"date":"2021-02-10T08:34:21","date_gmt":"2021-02-10T08:34:21","guid":{"rendered":"https:\/\/www.folegandrosisland.com\/wordpress\/?page_id=18706"},"modified":"2026-04-03T22:19:28","modified_gmt":"2026-04-03T22:19:28","slug":"dove-pernottare-intro-naxos","status":"publish","type":"page","link":"https:\/\/www.naxosvacanze.net\/fr\/dove-pernottare-intro-naxos\/","title":{"rendered":"NAXOS Dove Pernottare INTRO"},"content":{"rendered":"<div data-elementor-type=\"wp-post\" data-elementor-id=\"18706\" class=\"elementor elementor-18706\" data-elementor-post-type=\"page\">\n\t\t\t\t\t\t\t\t\t<section class=\"elementor-section elementor-top-section elementor-element elementor-element-1663497 elementor-section-height-min-height elementor-section-boxed elementor-section-height-default elementor-section-items-middle\" data-id=\"1663497\" data-element_type=\"section\" data-settings=\"{&quot;jet_parallax_layout_list&quot;:[{&quot;jet_parallax_layout_image&quot;:{&quot;url&quot;:&quot;&quot;,&quot;id&quot;:&quot;&quot;,&quot;size&quot;:&quot;&quot;},&quot;_id&quot;:&quot;83b6e85&quot;,&quot;jet_parallax_layout_speed&quot;:{&quot;unit&quot;:&quot;%&quot;,&quot;size&quot;:&quot;50&quot;,&quot;sizes&quot;:[]},&quot;jet_parallax_layout_bg_x&quot;:&quot;50&quot;,&quot;jet_parallax_layout_bg_y&quot;:&quot;50&quot;,&quot;jet_parallax_layout_image_tablet&quot;:{&quot;url&quot;:&quot;&quot;,&quot;id&quot;:&quot;&quot;,&quot;size&quot;:&quot;&quot;},&quot;jet_parallax_layout_image_mobile&quot;:{&quot;url&quot;:&quot;&quot;,&quot;id&quot;:&quot;&quot;,&quot;size&quot;:&quot;&quot;},&quot;jet_parallax_layout_type&quot;:&quot;scroll&quot;,&quot;jet_parallax_layout_direction&quot;:null,&quot;jet_parallax_layout_fx_direction&quot;:null,&quot;jet_parallax_layout_z_index&quot;:&quot;&quot;,&quot;jet_parallax_layout_bg_x_tablet&quot;:&quot;&quot;,&quot;jet_parallax_layout_bg_x_mobile&quot;:&quot;&quot;,&quot;jet_parallax_layout_bg_y_tablet&quot;:&quot;&quot;,&quot;jet_parallax_layout_bg_y_mobile&quot;:&quot;&quot;,&quot;jet_parallax_layout_bg_size&quot;:&quot;auto&quot;,&quot;jet_parallax_layout_bg_size_tablet&quot;:&quot;&quot;,&quot;jet_parallax_layout_bg_size_mobile&quot;:&quot;&quot;,&quot;jet_parallax_layout_animation_prop&quot;:&quot;transform&quot;,&quot;jet_parallax_layout_on&quot;:[&quot;desktop&quot;,&quot;tablet&quot;]}],&quot;background_background&quot;:&quot;classic&quot;}\">\n\t\t\t\t\t\t<div class=\"elementor-container elementor-column-gap-default\">\n\t\t\t\t\t<div class=\"elementor-column elementor-col-100 elementor-top-column elementor-element elementor-element-b3ec521\" data-id=\"b3ec521\" data-element_type=\"column\">\n\t\t\t<div class=\"elementor-widget-wrap elementor-element-populated\">\n\t\t\t\t\t\t\t\t<div class=\"elementor-element elementor-element-fc7aa5d elementor-invisible elementor-widget elementor-widget-heading\" data-id=\"fc7aa5d\" data-element_type=\"widget\" data-settings=\"{&quot;_animation&quot;:&quot;fadeIn&quot;}\" data-widget_type=\"heading.default\">\n\t\t\t\t<div class=\"elementor-widget-container\">\n\t\t\t<h1 class=\"elementor-heading-title elementor-size-default\">toutes les destinations<\/h1>\t\t<\/div>\n\t\t\t\t<\/div>\n\t\t\t\t\t<\/div>\n\t\t<\/div>\n\t\t\t\t\t\t\t<\/div>\n\t\t<\/section>\n\t\t\t\t<section class=\"elementor-section elementor-top-section elementor-element elementor-element-e8cb6d7 elementor-section-boxed elementor-section-height-default elementor-section-height-default\" data-id=\"e8cb6d7\" data-element_type=\"section\" data-settings=\"{&quot;jet_parallax_layout_list&quot;:[{&quot;jet_parallax_layout_image&quot;:{&quot;url&quot;:&quot;&quot;,&quot;id&quot;:&quot;&quot;,&quot;size&quot;:&quot;&quot;},&quot;_id&quot;:&quot;225207e&quot;,&quot;jet_parallax_layout_speed&quot;:{&quot;unit&quot;:&quot;%&quot;,&quot;size&quot;:&quot;50&quot;,&quot;sizes&quot;:[]},&quot;jet_parallax_layout_bg_x&quot;:&quot;50&quot;,&quot;jet_parallax_layout_bg_y&quot;:&quot;50&quot;,&quot;jet_parallax_layout_image_tablet&quot;:{&quot;url&quot;:&quot;&quot;,&quot;id&quot;:&quot;&quot;,&quot;size&quot;:&quot;&quot;},&quot;jet_parallax_layout_image_mobile&quot;:{&quot;url&quot;:&quot;&quot;,&quot;id&quot;:&quot;&quot;,&quot;size&quot;:&quot;&quot;},&quot;jet_parallax_layout_type&quot;:&quot;scroll&quot;,&quot;jet_parallax_layout_direction&quot;:null,&quot;jet_parallax_layout_fx_direction&quot;:null,&quot;jet_parallax_layout_z_index&quot;:&quot;&quot;,&quot;jet_parallax_layout_bg_x_tablet&quot;:&quot;&quot;,&quot;jet_parallax_layout_bg_x_mobile&quot;:&quot;&quot;,&quot;jet_parallax_layout_bg_y_tablet&quot;:&quot;&quot;,&quot;jet_parallax_layout_bg_y_mobile&quot;:&quot;&quot;,&quot;jet_parallax_layout_bg_size&quot;:&quot;auto&quot;,&quot;jet_parallax_layout_bg_size_tablet&quot;:&quot;&quot;,&quot;jet_parallax_layout_bg_size_mobile&quot;:&quot;&quot;,&quot;jet_parallax_layout_animation_prop&quot;:&quot;transform&quot;,&quot;jet_parallax_layout_on&quot;:[&quot;desktop&quot;,&quot;tablet&quot;]}]}\">\n\t\t\t\t\t\t<div class=\"elementor-container elementor-column-gap-default\">\n\t\t\t\t\t<div class=\"elementor-column elementor-col-100 elementor-top-column elementor-element elementor-element-a894aed\" data-id=\"a894aed\" data-element_type=\"column\">\n\t\t\t<div class=\"elementor-widget-wrap elementor-element-populated\">\n\t\t\t\t\t\t\t\t<div class=\"elementor-element elementor-element-4b3bf16 elementor-invisible elementor-widget elementor-widget-heading\" data-id=\"4b3bf16\" data-element_type=\"widget\" data-settings=\"{&quot;_animation&quot;:&quot;fadeIn&quot;}\" data-widget_type=\"heading.default\">\n\t\t\t\t<div class=\"elementor-widget-container\">\n\t\t\t<h2 class=\"elementor-heading-title elementor-size-default\">NOS S\u00c9LECTIONS<\/h2>\t\t<\/div>\n\t\t\t\t<\/div>\n\t\t\t\t<div class=\"elementor-element elementor-element-a92a8c4 elementor-widget elementor-widget-text-editor\" data-id=\"a92a8c4\" data-element_type=\"widget\" data-widget_type=\"text-editor.default\">\n\t\t\t\t<div class=\"elementor-widget-container\">\n\t\t\t\t\t\t\t<p>Des h\u00e9bergements de toutes cat\u00e9gories pour tous les budgets<\/p>\t\t\t\t\t\t<\/div>\n\t\t\t\t<\/div>\n\t\t\t\t\t<\/div>\n\t\t<\/div>\n\t\t\t\t\t\t\t<\/div>\n\t\t<\/section>\n\t\t\t\t<section class=\"elementor-section elementor-top-section elementor-element elementor-element-b070430 elementor-section-full_width elementor-section-height-default elementor-section-height-default\" data-id=\"b070430\" data-element_type=\"section\" data-settings=\"{&quot;jet_parallax_layout_list&quot;:[{&quot;jet_parallax_layout_image&quot;:{&quot;url&quot;:&quot;&quot;,&quot;id&quot;:&quot;&quot;,&quot;size&quot;:&quot;&quot;},&quot;_id&quot;:&quot;143d3dc&quot;,&quot;jet_parallax_layout_image_tablet&quot;:{&quot;url&quot;:&quot;&quot;,&quot;id&quot;:&quot;&quot;,&quot;size&quot;:&quot;&quot;},&quot;jet_parallax_layout_image_mobile&quot;:{&quot;url&quot;:&quot;&quot;,&quot;id&quot;:&quot;&quot;,&quot;size&quot;:&quot;&quot;},&quot;jet_parallax_layout_speed&quot;:{&quot;unit&quot;:&quot;%&quot;,&quot;size&quot;:50,&quot;sizes&quot;:[]},&quot;jet_parallax_layout_type&quot;:&quot;scroll&quot;,&quot;jet_parallax_layout_direction&quot;:null,&quot;jet_parallax_layout_fx_direction&quot;:null,&quot;jet_parallax_layout_z_index&quot;:&quot;&quot;,&quot;jet_parallax_layout_bg_x&quot;:50,&quot;jet_parallax_layout_bg_x_tablet&quot;:&quot;&quot;,&quot;jet_parallax_layout_bg_x_mobile&quot;:&quot;&quot;,&quot;jet_parallax_layout_bg_y&quot;:50,&quot;jet_parallax_layout_bg_y_tablet&quot;:&quot;&quot;,&quot;jet_parallax_layout_bg_y_mobile&quot;:&quot;&quot;,&quot;jet_parallax_layout_bg_size&quot;:&quot;auto&quot;,&quot;jet_parallax_layout_bg_size_tablet&quot;:&quot;&quot;,&quot;jet_parallax_layout_bg_size_mobile&quot;:&quot;&quot;,&quot;jet_parallax_layout_animation_prop&quot;:&quot;transform&quot;,&quot;jet_parallax_layout_on&quot;:[&quot;desktop&quot;,&quot;tablet&quot;]}]}\">\n\t\t\t\t\t\t<div class=\"elementor-container elementor-column-gap-wider\">\n\t\t\t\t\t<div class=\"elementor-column elementor-col-33 elementor-top-column elementor-element elementor-element-df5331d\" data-id=\"df5331d\" data-element_type=\"column\">\n\t\t\t<div class=\"elementor-widget-wrap elementor-element-populated\">\n\t\t\t\t\t\t\t\t<div class=\"elementor-element elementor-element-386da4a elementor-widget elementor-widget-jet-animated-box\" data-id=\"386da4a\" data-element_type=\"widget\" data-widget_type=\"jet-animated-box.default\">\n\t\t\t\t<div class=\"elementor-widget-container\">\n\t\t\t<div class=\"elementor-jet-animated-box jet-elements\"><div id=\"jet-animated-box-386da4a\" class=\"jet-animated-box jet-box-effect-1\" data-settings='{\"widgetId\":\"386da4a\",\"switchEventType\":\"hover\",\"paperFoldDirection\":\"left\",\"slideOutDirection\":\"left\",\"peelCornerPosition\":\"right\"}'>\n\t<div id=\"jet-animated-box__front-386da4a\" class=\"jet-animated-box__front\">\n\t\t<div class=\"jet-animated-box__inner\"><div class=\"jet-animated-box__content\"><h3 class=\"jet-animated-box__title jet-animated-box__title--front\">FOLEGANDROS<\/h3><\/div><\/div>\n\t\t<div class=\"jet-animated-box__overlay\"><\/div><\/div>\n\t<div id=\"jet-animated-box__back-386da4a\" class=\"jet-animated-box__back\">\n\t\t<div class=\"jet-animated-box__inner\"><div class=\"jet-animated-box__content\"><h3 class=\"jet-animated-box__title jet-animated-box__title--back\">O\u00d9 S\u00c9JOURNER<\/h3><h4 class=\"jet-animated-box__subtitle jet-animated-box__subtitle--back\">\u00e0 Fol\u00e9gandros<\/h4><a class=\"elementor-button elementor-size-md jet-animated-box__button jet-animated-box__button--back jet-animated-box__button--icon-\" href=\"https:\/\/www.folegandrosisland.com\/folegandros-dove-pernottare\/\" target=\"_blank\"><span class=\"jet-animated-box__button-text\">D\u00e9couvrir<\/span><\/a>\n\n<\/div><\/div>\n\t\t<div class=\"jet-animated-box__overlay\"><\/div><\/div>\n<\/div>\n<\/div>\t\t<\/div>\n\t\t\t\t<\/div>\n\t\t\t\t\t<\/div>\n\t\t<\/div>\n\t\t\t\t<div class=\"elementor-column elementor-col-33 elementor-top-column elementor-element elementor-element-502d596\" data-id=\"502d596\" data-element_type=\"column\">\n\t\t\t<div class=\"elementor-widget-wrap elementor-element-populated\">\n\t\t\t\t\t\t\t\t<div class=\"elementor-element elementor-element-b4ad01b elementor-widget elementor-widget-jet-animated-box\" data-id=\"b4ad01b\" data-element_type=\"widget\" data-widget_type=\"jet-animated-box.default\">\n\t\t\t\t<div class=\"elementor-widget-container\">\n\t\t\t<div class=\"elementor-jet-animated-box jet-elements\"><div id=\"jet-animated-box-b4ad01b\" class=\"jet-animated-box jet-box-effect-1\" data-settings='{\"widgetId\":\"b4ad01b\",\"switchEventType\":\"hover\",\"paperFoldDirection\":\"left\",\"slideOutDirection\":\"left\",\"peelCornerPosition\":\"right\"}'>\n\t<div id=\"jet-animated-box__front-b4ad01b\" class=\"jet-animated-box__front\">\n\t\t<div class=\"jet-animated-box__inner\"><div class=\"jet-animated-box__content\"><h3 class=\"jet-animated-box__title jet-animated-box__title--front\">NAXOS<\/h3><\/div><\/div>\n\t\t<div class=\"jet-animated-box__overlay\"><\/div><\/div>\n\t<div id=\"jet-animated-box__back-b4ad01b\" class=\"jet-animated-box__back\">\n\t\t<div class=\"jet-animated-box__inner\"><div class=\"jet-animated-box__content\"><h3 class=\"jet-animated-box__title jet-animated-box__title--back\">O\u00d9 S\u00c9JOURNER<\/h3><h4 class=\"jet-animated-box__subtitle jet-animated-box__subtitle--back\">\u00e0 Naxos<\/h4><a class=\"elementor-button elementor-size-md jet-animated-box__button jet-animated-box__button--back jet-animated-box__button--icon-\" href=\"https:\/\/www.naxosvacanze.net\/fr\/new-naxos-dove-pernottare\/\"><span class=\"jet-animated-box__button-text\">D\u00e9couvrir<\/span><\/a>\n\n<\/div><\/div>\n\t\t<div class=\"jet-animated-box__overlay\"><\/div><\/div>\n<\/div>\n<\/div>\t\t<\/div>\n\t\t\t\t<\/div>\n\t\t\t\t\t<\/div>\n\t\t<\/div>\n\t\t\t\t<div class=\"elementor-column elementor-col-33 elementor-top-column elementor-element elementor-element-1a7413f\" data-id=\"1a7413f\" data-element_type=\"column\">\n\t\t\t<div class=\"elementor-widget-wrap elementor-element-populated\">\n\t\t\t\t\t\t\t\t<div class=\"elementor-element elementor-element-429dfdd elementor-widget elementor-widget-jet-animated-box\" data-id=\"429dfdd\" data-element_type=\"widget\" data-widget_type=\"jet-animated-box.default\">\n\t\t\t\t<div class=\"elementor-widget-container\">\n\t\t\t<div class=\"elementor-jet-animated-box jet-elements\"><div id=\"jet-animated-box-429dfdd\" class=\"jet-animated-box jet-box-effect-1\" data-settings='{\"widgetId\":\"429dfdd\",\"switchEventType\":\"hover\",\"paperFoldDirection\":\"left\",\"slideOutDirection\":\"left\",\"peelCornerPosition\":\"right\"}'>\n\t<div id=\"jet-animated-box__front-429dfdd\" class=\"jet-animated-box__front\">\n\t\t<div class=\"jet-animated-box__inner\"><div class=\"jet-animated-box__content\"><h3 class=\"jet-animated-box__title jet-animated-box__title--front\">AUTRES \u00ceLES<\/h3><\/div><\/div>\n\t\t<div class=\"jet-animated-box__overlay\"><\/div><\/div>\n\t<div id=\"jet-animated-box__back-429dfdd\" class=\"jet-animated-box__back\">\n\t\t<div class=\"jet-animated-box__inner\"><div class=\"jet-animated-box__content\"><h3 class=\"jet-animated-box__title jet-animated-box__title--back\">O\u00d9 S\u00c9JOURNER<\/h3><h4 class=\"jet-animated-box__subtitle jet-animated-box__subtitle--back\">autres \u00eeles<\/h4><a class=\"elementor-button elementor-size-md jet-animated-box__button jet-animated-box__button--back jet-animated-box__button--icon-\" href=\"https:\/\/www.folegandrosisland.com\/altre-isole-dove-pernottare\/\" target=\"_blank\"><span class=\"jet-animated-box__button-text\">D\u00e9couvrir<\/span><\/a>\n\n<\/div><\/div>\n\t\t<div class=\"jet-animated-box__overlay\"><\/div><\/div>\n<\/div>\n<\/div>\t\t<\/div>\n\t\t\t\t<\/div>\n\t\t\t\t\t<\/div>\n\t\t<\/div>\n\t\t\t\t\t\t\t<\/div>\n\t\t<\/section>\n\t\t\t\t\t\t\t<\/div>","protected":false},"excerpt":{"rendered":"<p>tutte le destinazioni LE NOSTRE SELEZIONI Alloggi di tutte le categorie per tutte le tasche FOLEGANDROS DOVE SOGGIORNARE a Folegandros Scopri di pi\u00f9 NAXOS DOVE SOGGIORNARE a Naxos Scopri di pi\u00f9 ALTRE ISOLE DOVE SOGGIORNARE in altre isole Scopri di pi\u00f9<\/p>","protected":false},"author":2,"featured_media":0,"parent":0,"menu_order":0,"comment_status":"closed","ping_status":"closed","template":"full-width.php","meta":{"footnotes":""},"acf":[],"yoast_head":"<!-- This site is optimized with the Yoast SEO plugin v21.8 - https:\/\/yoast.com\/wordpress\/plugins\/seo\/ -->\n<title>NAXOS Dove Pernottare INTRO - NAXOSVACANZE<\/title>\n<meta name=\"robots\" content=\"index, follow, max-snippet:-1, max-image-preview:large, max-video-preview:-1\" \/>\n<link rel=\"canonical\" href=\"https:\/\/www.naxosvacanze.net\/fr\/dove-pernottare-intro-naxos\/\" \/>\n<meta property=\"og:locale\" content=\"fr_FR\" \/>\n<meta property=\"og:type\" content=\"article\" \/>\n<meta property=\"og:title\" content=\"NAXOS Dove Pernottare INTRO - NAXOSVACANZE\" \/>\n<meta property=\"og:description\" content=\"tutte le destinazioni LE NOSTRE SELEZIONI Alloggi di tutte le categorie per tutte le tasche FOLEGANDROS DOVE SOGGIORNARE a Folegandros Scopri di pi\u00f9 NAXOS DOVE SOGGIORNARE a Naxos Scopri di pi\u00f9 ALTRE ISOLE DOVE SOGGIORNARE in altre isole Scopri di pi\u00f9\" \/>\n<meta property=\"og:url\" content=\"https:\/\/www.naxosvacanze.net\/fr\/dove-pernottare-intro-naxos\/\" \/>\n<meta property=\"og:site_name\" content=\"NAXOSVACANZE\" \/>\n<meta property=\"article:modified_time\" content=\"2026-04-03T22:19:28+00:00\" \/>\n<meta name=\"twitter:card\" content=\"summary_large_image\" \/>\n<meta name=\"twitter:label1\" content=\"Dur\u00e9e de lecture estim\u00e9e\" \/>\n\t<meta name=\"twitter:data1\" content=\"1 minute\" \/>\n<script type=\"application\/ld+json\" class=\"yoast-schema-graph\">{\"@context\":\"https:\/\/schema.org\",\"@graph\":[{\"@type\":\"WebPage\",\"@id\":\"https:\/\/www.naxosvacanze.net\/dove-pernottare-intro-naxos\/\",\"url\":\"https:\/\/www.naxosvacanze.net\/dove-pernottare-intro-naxos\/\",\"name\":\"NAXOS Dove Pernottare INTRO - NAXOSVACANZE\",\"isPartOf\":{\"@id\":\"https:\/\/www.naxosvacanze.net\/wordpress\/#website\"},\"datePublished\":\"2021-02-10T08:34:21+00:00\",\"dateModified\":\"2026-04-03T22:19:28+00:00\",\"breadcrumb\":{\"@id\":\"https:\/\/www.naxosvacanze.net\/dove-pernottare-intro-naxos\/#breadcrumb\"},\"inLanguage\":\"fr-FR\",\"potentialAction\":[{\"@type\":\"ReadAction\",\"target\":[\"https:\/\/www.naxosvacanze.net\/dove-pernottare-intro-naxos\/\"]}]},{\"@type\":\"BreadcrumbList\",\"@id\":\"https:\/\/www.naxosvacanze.net\/dove-pernottare-intro-naxos\/#breadcrumb\",\"itemListElement\":[{\"@type\":\"ListItem\",\"position\":1,\"name\":\"Home\",\"item\":\"https:\/\/www.naxosvacanze.net\/\"},{\"@type\":\"ListItem\",\"position\":2,\"name\":\"NAXOS Dove Pernottare INTRO\"}]},{\"@type\":\"WebSite\",\"@id\":\"https:\/\/www.naxosvacanze.net\/wordpress\/#website\",\"url\":\"https:\/\/www.naxosvacanze.net\/wordpress\/\",\"name\":\"NAXOSVACANZE\",\"description\":\"Il meglio delle Isole Cicladi\",\"potentialAction\":[{\"@type\":\"SearchAction\",\"target\":{\"@type\":\"EntryPoint\",\"urlTemplate\":\"https:\/\/www.naxosvacanze.net\/wordpress\/?s={search_term_string}\"},\"query-input\":\"required name=search_term_string\"}],\"inLanguage\":\"fr-FR\"}]}<\/script>\n<!-- \/ Yoast SEO plugin. -->","yoast_head_json":{"title":"NAXOS Dove Pernottare INTRO - NAXOSVACANZE","robots":{"index":"index","follow":"follow","max-snippet":"max-snippet:-1","max-image-preview":"max-image-preview:large","max-video-preview":"max-video-preview:-1"},"canonical":"https:\/\/www.naxosvacanze.net\/fr\/dove-pernottare-intro-naxos\/","og_locale":"fr_FR","og_type":"article","og_title":"NAXOS Dove Pernottare INTRO - NAXOSVACANZE","og_description":"tutte le destinazioni LE NOSTRE SELEZIONI Alloggi di tutte le categorie per tutte le tasche FOLEGANDROS DOVE SOGGIORNARE a Folegandros Scopri di pi\u00f9 NAXOS DOVE SOGGIORNARE a Naxos Scopri di pi\u00f9 ALTRE ISOLE DOVE SOGGIORNARE in altre isole Scopri di pi\u00f9","og_url":"https:\/\/www.naxosvacanze.net\/fr\/dove-pernottare-intro-naxos\/","og_site_name":"NAXOSVACANZE","article_modified_time":"2026-04-03T22:19:28+00:00","twitter_card":"summary_large_image","twitter_misc":{"Dur\u00e9e de lecture estim\u00e9e":"1 minute"},"schema":{"@context":"https:\/\/schema.org","@graph":[{"@type":"WebPage","@id":"https:\/\/www.naxosvacanze.net\/dove-pernottare-intro-naxos\/","url":"https:\/\/www.naxosvacanze.net\/dove-pernottare-intro-naxos\/","name":"NAXOS Dove Pernottare INTRO - NAXOSVACANZE","isPartOf":{"@id":"https:\/\/www.naxosvacanze.net\/wordpress\/#website"},"datePublished":"2021-02-10T08:34:21+00:00","dateModified":"2026-04-03T22:19:28+00:00","breadcrumb":{"@id":"https:\/\/www.naxosvacanze.net\/dove-pernottare-intro-naxos\/#breadcrumb"},"inLanguage":"fr-FR","potentialAction":[{"@type":"ReadAction","target":["https:\/\/www.naxosvacanze.net\/dove-pernottare-intro-naxos\/"]}]},{"@type":"BreadcrumbList","@id":"https:\/\/www.naxosvacanze.net\/dove-pernottare-intro-naxos\/#breadcrumb","itemListElement":[{"@type":"ListItem","position":1,"name":"Home","item":"https:\/\/www.naxosvacanze.net\/"},{"@type":"ListItem","position":2,"name":"NAXOS Dove Pernottare INTRO"}]},{"@type":"WebSite","@id":"https:\/\/www.naxosvacanze.net\/wordpress\/#website","url":"https:\/\/www.naxosvacanze.net\/wordpress\/","name":"NAXOSVACANZE","description":"Il meglio delle Isole Cicladi","potentialAction":[{"@type":"SearchAction","target":{"@type":"EntryPoint","urlTemplate":"https:\/\/www.naxosvacanze.net\/wordpress\/?s={search_term_string}"},"query-input":"required name=search_term_string"}],"inLanguage":"fr-FR"}]}},"_links":{"self":[{"href":"https:\/\/www.naxosvacanze.net\/fr\/wp-json\/wp\/v2\/pages\/18706"}],"collection":[{"href":"https:\/\/www.naxosvacanze.net\/fr\/wp-json\/wp\/v2\/pages"}],"about":[{"href":"https:\/\/www.naxosvacanze.net\/fr\/wp-json\/wp\/v2\/types\/page"}],"author":[{"embeddable":true,"href":"https:\/\/www.naxosvacanze.net\/fr\/wp-json\/wp\/v2\/users\/2"}],"replies":[{"embeddable":true,"href":"https:\/\/www.naxosvacanze.net\/fr\/wp-json\/wp\/v2\/comments?post=18706"}],"version-history":[{"count":66,"href":"https:\/\/www.naxosvacanze.net\/fr\/wp-json\/wp\/v2\/pages\/18706\/revisions"}],"predecessor-version":[{"id":42297,"href":"https:\/\/www.naxosvacanze.net\/fr\/wp-json\/wp\/v2\/pages\/18706\/revisions\/42297"}],"wp:attachment":[{"href":"https:\/\/www.naxosvacanze.net\/fr\/wp-json\/wp\/v2\/media?parent=18706"}],"curies":[{"name":"wp","href":"https:\/\/api.w.org\/{rel}","templated":true}]}}